{"id":6917,"date":"2026-04-17T22:15:19","date_gmt":"2026-04-17T20:15:19","guid":{"rendered":"https:\/\/schiffsmond.net\/?post_type=product&#038;p=6917"},"modified":"2026-04-19T20:39:05","modified_gmt":"2026-04-19T18:39:05","slug":"veroneser-gruene-erde","status":"publish","type":"product","link":"https:\/\/schiffsmond.net\/index.php\/produkt\/veroneser-gruene-erde\/","title":{"rendered":"Veroneser Gr\u00fcne Erde"},"content":{"rendered":"<p>Veroneser Gr\u00fcne Erde ist ein nat\u00fcrlich vorkommende Farberde, deren gr\u00fcne Farbe zweiwertige Eisen-Ionen verursacht wird.<br \/>\nDas Pigment ist Lichtecht und f\u00fcr Kalk \/ Fresko Tempera, \u00d6l und Wasserfarben geeignet.<br \/>\nDas hier angebotene Produkt besteht aus 100 g echter Veroneser Gr\u00fcne Erde, die in Kunststoffbeutel abgepackt geliefert wird.<\/p>\n","protected":false},"excerpt":{"rendered":"<p>Veroneser Gr\u00fcne Erde ist ein nat\u00fcrlich vorkommende Farberde, deren gr\u00fcne Farbe zweiwertige Eisen-Ionen verursacht wird. Das Pigment ist Lichtecht und f\u00fcr Kalk \/ Fresko Tempera, \u00d6l und Wasserfarben geeignet. Das <a class=\"more-link\" href=\"https:\/\/schiffsmond.net\/index.php\/produkt\/veroneser-gruene-erde\/\">Weiterlesen \u2192<\/a><\/p>\n","protected":false},"featured_media":6926,"comment_status":"closed","ping_status":"closed","template":"","meta":{"ngg_post_thumbnail":0},"product_brand":[],"product_cat":[595],"product_tag":[],"class_list":{"0":"post-6917","1":"product","2":"type-product","3":"status-publish","4":"has-post-thumbnail","6":"product_cat-natuerliche-pigmente","7":"product_shipping_class-versandkostenpauschale","9":"first","10":"instock","11":"shipping-taxable","12":"purchasable","13":"product-type-simple"},"_links":{"self":[{"href":"https:\/\/schiffsmond.net\/index.php\/wp-json\/wp\/v2\/product\/6917","targetHints":{"allow":["GET"]}}],"collection":[{"href":"https:\/\/schiffsmond.net\/index.php\/wp-json\/wp\/v2\/product"}],"about":[{"href":"https:\/\/schiffsmond.net\/index.php\/wp-json\/wp\/v2\/types\/product"}],"replies":[{"embeddable":true,"href":"https:\/\/schiffsmond.net\/index.php\/wp-json\/wp\/v2\/comments?post=6917"}],"wp:featuredmedia":[{"embeddable":true,"href":"https:\/\/schiffsmond.net\/index.php\/wp-json\/wp\/v2\/media\/6926"}],"wp:attachment":[{"href":"https:\/\/schiffsmond.net\/index.php\/wp-json\/wp\/v2\/media?parent=6917"}],"wp:term":[{"taxonomy":"product_brand","embeddable":true,"href":"https:\/\/schiffsmond.net\/index.php\/wp-json\/wp\/v2\/product_brand?post=6917"},{"taxonomy":"product_cat","embeddable":true,"href":"https:\/\/schiffsmond.net\/index.php\/wp-json\/wp\/v2\/product_cat?post=6917"},{"taxonomy":"product_tag","embeddable":true,"href":"https:\/\/schiffsmond.net\/index.php\/wp-json\/wp\/v2\/product_tag?post=6917"}],"curies":[{"name":"wp","href":"https:\/\/api.w.org\/{rel}","templated":true}]}}