{"id":6916,"date":"2026-04-17T22:16:04","date_gmt":"2026-04-17T20:16:04","guid":{"rendered":"https:\/\/schiffsmond.net\/?post_type=product&#038;p=6916"},"modified":"2026-04-19T20:39:47","modified_gmt":"2026-04-19T18:39:47","slug":"goldocker-italienisch","status":"publish","type":"product","link":"https:\/\/schiffsmond.net\/index.php\/produkt\/goldocker-italienisch\/","title":{"rendered":"Goldocker italienisch"},"content":{"rendered":"<p>Ocker ist eine nat\u00fcrliche Erdfarbe, die in den verschiedensten Farbt\u00f6nen vorkommt. Dieser sch\u00f6n leuchtende Goldocker wird in Italien abgebaut.<br \/>\nDas Pigment ist Lichtecht und f\u00fcr Kalk \/ Fresko, \u00d6l und Tempera geeignet.<br \/>\nDas hier angebotene Produkt besteht aus 100 g Goldocker, der in einem Kunststoffbeutel abgepackt geliefert wird.<\/p>\n","protected":false},"excerpt":{"rendered":"<p>Ocker ist eine nat\u00fcrliche Erdfarbe, die in den verschiedensten Farbt\u00f6nen vorkommt. Dieser sch\u00f6n leuchtende Goldocker wird in Italien abgebaut. Das Pigment ist Lichtecht und f\u00fcr Kalk \/ Fresko, \u00d6l und <a class=\"more-link\" href=\"https:\/\/schiffsmond.net\/index.php\/produkt\/goldocker-italienisch\/\">Weiterlesen \u2192<\/a><\/p>\n","protected":false},"featured_media":6927,"comment_status":"closed","ping_status":"closed","template":"","meta":{"ngg_post_thumbnail":0},"product_brand":[],"product_cat":[595],"product_tag":[],"class_list":{"0":"post-6916","1":"product","2":"type-product","3":"status-publish","4":"has-post-thumbnail","6":"product_cat-natuerliche-pigmente","7":"product_shipping_class-versandkostenpauschale","9":"first","10":"instock","11":"shipping-taxable","12":"purchasable","13":"product-type-simple"},"_links":{"self":[{"href":"https:\/\/schiffsmond.net\/index.php\/wp-json\/wp\/v2\/product\/6916","targetHints":{"allow":["GET"]}}],"collection":[{"href":"https:\/\/schiffsmond.net\/index.php\/wp-json\/wp\/v2\/product"}],"about":[{"href":"https:\/\/schiffsmond.net\/index.php\/wp-json\/wp\/v2\/types\/product"}],"replies":[{"embeddable":true,"href":"https:\/\/schiffsmond.net\/index.php\/wp-json\/wp\/v2\/comments?post=6916"}],"wp:featuredmedia":[{"embeddable":true,"href":"https:\/\/schiffsmond.net\/index.php\/wp-json\/wp\/v2\/media\/6927"}],"wp:attachment":[{"href":"https:\/\/schiffsmond.net\/index.php\/wp-json\/wp\/v2\/media?parent=6916"}],"wp:term":[{"taxonomy":"product_brand","embeddable":true,"href":"https:\/\/schiffsmond.net\/index.php\/wp-json\/wp\/v2\/product_brand?post=6916"},{"taxonomy":"product_cat","embeddable":true,"href":"https:\/\/schiffsmond.net\/index.php\/wp-json\/wp\/v2\/product_cat?post=6916"},{"taxonomy":"product_tag","embeddable":true,"href":"https:\/\/schiffsmond.net\/index.php\/wp-json\/wp\/v2\/product_tag?post=6916"}],"curies":[{"name":"wp","href":"https:\/\/api.w.org\/{rel}","templated":true}]}}