{"id":6571,"date":"2025-08-09T18:44:12","date_gmt":"2025-08-09T18:44:12","guid":{"rendered":"https:\/\/schiffsmond.net\/?post_type=product&#038;p=6571"},"modified":"2025-08-09T18:52:58","modified_gmt":"2025-08-09T18:52:58","slug":"verwobene-schlangentiere-weiss","status":"publish","type":"product","link":"https:\/\/schiffsmond.net\/index.php\/produkt\/verwobene-schlangentiere-weiss\/","title":{"rendered":"Verwobene Schlangentiere &#8211; Wei\u00df"},"content":{"rendered":"<p>Diese verwobenen Schlangen finden sich auf dem Bildstein \u201eArdre Kyrka III\u201c. Bei dem Stein handelt es sich um einen Gedenkstein, den drei S\u00f6hne zum Gedenken an Ihren Vater setzten. Der Stein wird auf zwischen 1100 und 1130 datiert.<\/p>\n<p>Der noch zu lesende Text sagt:<\/p>\n<p>\u00d3ttarr und Geirhvatr und Eihvatr, sie setzten den Stein zum Gedenken an L\u00edknhvatr, ihren Vater. R\u00e1\u00f0\u00fejalfr und Geirnj\u00f3tr, sie setzten das gute Wahrzeichen zum Gedenken an &#8230; Mann. L\u00edknreifr schnitzte die Runen.<\/p>\n<p>Unter dem Motiv befindet sich in Runenschrift der Schriftzug: Einar : macht : Hemden. Dies ist eine Anlehnung an wikingerzeitlicher Funde, in denen immer wieder mal in Runen eingraviert findet: \u201eName\u201c machte diesen Kamm, \u201eName\u201c machte dieses Messer, etc.<\/p>\n<h2><strong>Die Shirts sind in zwei verschiednen Shirt-Qualit\u00e4ten verf\u00fcgbar.<\/strong><\/h2>\n<p><strong>Auswahlfeld &#8211; Relaxed Fit<\/strong><\/p>\n<p><strong>Stanley\/Stella Relaxed Fit Unisex Bio-T-Shirt Sparker<\/strong><\/p>\n<p>Locker geschnittenes Unisex T-Shirt mit eingesetzten \u00c4rmeln<\/p>\n<ul>\n<li>1&#215;1 Rippstrick am Halsausschnitt<\/li>\n<li>Inneres Nackenband aus gleichem Material<\/li>\n<li>Breite Doppelabsteppung an den \u00c4rmelenden und am unteren Saum<\/li>\n<li>Solide, weiche Stoffdichte: 215 g\/m\u00b2<\/li>\n<li>Material: 100% Baumwolle (aus biologischem Anbau)<\/li>\n<li>Marke: Stanley\/Stella<\/li>\n<\/ul>\n<table width=\"386\" cellspacing=\"0\" cellpadding=\"0\">\n<tbody>\n<tr valign=\"top\">\n<td width=\"72\"><b>Gr\u00f6\u00dfe <\/b><\/td>\n<td width=\"121\">\n<p align=\"center\"><b>Breite Brust cm<\/b><\/p>\n<\/td>\n<td width=\"83\">\n<p align=\"center\"><b>L\u00e4nge cm<\/b><\/p>\n<\/td>\n<td width=\"109\">\n<p align=\"center\"><b>\u00c4rmell\u00e4nge cm<\/b><\/p>\n<\/td>\n<\/tr>\n<tr valign=\"top\">\n<td width=\"72\">S<\/td>\n<td width=\"121\">71,0<\/td>\n<td width=\"83\">51,5<\/td>\n<td width=\"109\">22,5<\/td>\n<\/tr>\n<tr valign=\"top\">\n<td width=\"72\">M<\/td>\n<td width=\"121\">75,0<\/td>\n<td width=\"83\">55,5<\/td>\n<td width=\"109\">24,0<\/td>\n<\/tr>\n<tr valign=\"top\">\n<td width=\"72\">L<\/td>\n<td width=\"121\">77,0<\/td>\n<td width=\"83\">58,5<\/td>\n<td width=\"109\">24,5<\/td>\n<\/tr>\n<tr valign=\"top\">\n<td width=\"72\">XL<\/td>\n<td width=\"121\">79,0<\/td>\n<td width=\"83\">61,5<\/td>\n<td width=\"109\">25,0<\/td>\n<\/tr>\n<tr valign=\"top\">\n<td width=\"72\">XXL<\/td>\n<td width=\"121\">81,0<\/td>\n<td width=\"83\">65,5<\/td>\n<td width=\"109\">25,5<\/td>\n<\/tr>\n<\/tbody>\n<\/table>\n<p><strong>Auswahlfeld &#8211; Regular Fit<br \/>\n<\/strong><\/p>\n<p><strong>Stanley\/Stella Unisex Bio-T-Shirt CRAFTER<\/strong><\/p>\n<p>Leichtes, gerade geschnittenes Unisex T-Shirt mit eingesetzten \u00c4rmeln<\/p>\n<ul>\n<li>Mit 1&#215;1-Ripp am Nacken und Nackenband aus gleichem Material<\/li>\n<li>Doppelnaht-Steppnaht an den \u00c4rmelb\u00fcndchen und am Saum<\/li>\n<li>Legere Stoffdichte: 155 g\/m\u00b2<\/li>\n<li>Material: 100% Baumwolle (aus biologischem Anbau)<\/li>\n<li>Marke: Stanley\/Stella<\/li>\n<\/ul>\n<table style=\"height: 360px;\" width=\"439\" cellspacing=\"0\" cellpadding=\"0\">\n<tbody>\n<tr valign=\"top\">\n<td width=\"72\"><b>Gr\u00f6\u00dfe <\/b><\/td>\n<td width=\"121\">\n<p align=\"center\"><b>Breite Brust cm<\/b><\/p>\n<\/td>\n<td width=\"83\">\n<p align=\"center\"><b>L\u00e4nge cm<\/b><\/p>\n<\/td>\n<td width=\"109\">\n<p align=\"center\"><b>\u00c4rmell\u00e4nge cm<\/b><\/p>\n<\/td>\n<\/tr>\n<tr valign=\"top\">\n<td width=\"72\">S<\/td>\n<td width=\"121\">68,0<\/td>\n<td width=\"83\">48,0<\/td>\n<td width=\"109\">20,0<\/td>\n<\/tr>\n<tr valign=\"top\">\n<td width=\"72\">M<\/td>\n<td width=\"121\">72,0<\/td>\n<td width=\"83\">52,0<\/td>\n<td width=\"109\">21,5<\/td>\n<\/tr>\n<tr valign=\"top\">\n<td width=\"72\">L<\/td>\n<td width=\"121\">74,0<\/td>\n<td width=\"83\">55,0<\/td>\n<td width=\"109\">22,0<\/td>\n<\/tr>\n<tr valign=\"top\">\n<td width=\"72\">XL<\/td>\n<td width=\"121\">76,0<\/td>\n<td width=\"83\">58,0<\/td>\n<td width=\"109\">22,5<\/td>\n<\/tr>\n<tr valign=\"top\">\n<td width=\"72\">XXL<\/td>\n<td width=\"121\">78,0<\/td>\n<td width=\"83\">62,0<\/td>\n<td width=\"109\">23,0<\/td>\n<\/tr>\n<\/tbody>\n<\/table>\n<h2><strong>Pflegehinweise<\/strong><\/h2>\n<div class=\"g7TcLz5xsspCMeNBUqUS\">\n<div class=\"DzpCjaf_Ta2B5dgF1Vm7\">\n<p>Waschtemperatur: Maximal 30\u00b0 Grad<\/p>\n<p><img decoding=\"async\" class=\"no-border\" src=\"https:\/\/image.spreadshirtmedia.net\/content\/q_auto,f_auto\/FAQ\/article\/chemischreinigen.gif\" width=\"30\" align=\"middle\">Nicht chemisch reinigen<\/p>\n<p><img decoding=\"async\" class=\"no-border\" src=\"https:\/\/image.spreadshirtmedia.net\/content\/q_auto,f_auto\/FAQ\/article\/trockner.gif\" width=\"30\" align=\"middle\">Nicht im W\u00e4schetrockner trocknen<\/p>\n<p><img decoding=\"async\" class=\"no-border\" src=\"https:\/\/image.spreadshirtmedia.net\/content\/q_auto,f_auto\/FAQ\/article\/bleichen.gif\" width=\"30\" align=\"middle\">Keine Bleichmittel oder Weichsp\u00fcler verwenden<\/p>\n<p><img decoding=\"async\" class=\"no-border\" src=\"https:\/\/image.spreadshirtmedia.net\/content\/q_auto,f_auto\/FAQ\/article\/nicht_schleudern.gif\" width=\"30\" align=\"middle\">Nicht stark schleudern oder auswringen<\/p>\n<p><img decoding=\"async\" class=\"no-border\" src=\"https:\/\/image.spreadshirtmedia.net\/content\/q_auto,f_auto\/FAQ\/article\/buegeln.gif\" width=\"30\" align=\"middle\">Von links, bei mittlerer Hitze und ohne Dampf b\u00fcgeln. Motive d\u00fcrfen sich beim B\u00fcgeln nicht ber\u00fchren (Zwischen zwei d\u00fcnnen T\u00fcchern b\u00fcgeln).<\/p>\n<\/div>\n<\/div>\n","protected":false},"excerpt":{"rendered":"<p>Diese verwobenen Schlangen finden sich auf dem Bildstein \u201eArdre Kyrka III\u201c. Bei dem Stein handelt es sich um einen Gedenkstein, den drei S\u00f6hne zum Gedenken an Ihren Vater setzten. Der <a class=\"more-link\" href=\"https:\/\/schiffsmond.net\/index.php\/produkt\/verwobene-schlangentiere-weiss\/\">Weiterlesen \u2192<\/a><\/p>\n","protected":false},"featured_media":6524,"comment_status":"open","ping_status":"closed","template":"","meta":{"ngg_post_thumbnail":0},"product_brand":[],"product_cat":[488],"product_tag":[539,529,528,540],"class_list":{"0":"post-6571","1":"product","2":"type-product","3":"status-publish","4":"has-post-thumbnail","6":"product_cat-t-shirts","7":"product_tag-gotischer-gedenkstein","8":"product_tag-t-shirt-mit-motiven-von-gotlaendischen-bildsteinen","9":"product_tag-t-shirt-mit-wikinger-motiven","10":"product_tag-verwobene-schlangentiere","11":"product_shipping_class-versandkostenpauschale","12":"pa_groesse-l","13":"pa_groesse-m","14":"pa_groesse-s","15":"pa_groesse-xl","16":"pa_groesse-xxl","18":"first","19":"instock","20":"shipping-taxable","21":"purchasable","22":"product-type-variable"},"_links":{"self":[{"href":"https:\/\/schiffsmond.net\/index.php\/wp-json\/wp\/v2\/product\/6571","targetHints":{"allow":["GET"]}}],"collection":[{"href":"https:\/\/schiffsmond.net\/index.php\/wp-json\/wp\/v2\/product"}],"about":[{"href":"https:\/\/schiffsmond.net\/index.php\/wp-json\/wp\/v2\/types\/product"}],"replies":[{"embeddable":true,"href":"https:\/\/schiffsmond.net\/index.php\/wp-json\/wp\/v2\/comments?post=6571"}],"wp:featuredmedia":[{"embeddable":true,"href":"https:\/\/schiffsmond.net\/index.php\/wp-json\/wp\/v2\/media\/6524"}],"wp:attachment":[{"href":"https:\/\/schiffsmond.net\/index.php\/wp-json\/wp\/v2\/media?parent=6571"}],"wp:term":[{"taxonomy":"product_brand","embeddable":true,"href":"https:\/\/schiffsmond.net\/index.php\/wp-json\/wp\/v2\/product_brand?post=6571"},{"taxonomy":"product_cat","embeddable":true,"href":"https:\/\/schiffsmond.net\/index.php\/wp-json\/wp\/v2\/product_cat?post=6571"},{"taxonomy":"product_tag","embeddable":true,"href":"https:\/\/schiffsmond.net\/index.php\/wp-json\/wp\/v2\/product_tag?post=6571"}],"curies":[{"name":"wp","href":"https:\/\/api.w.org\/{rel}","templated":true}]}}