{"id":6485,"date":"2025-08-03T19:09:39","date_gmt":"2025-08-03T19:09:39","guid":{"rendered":"https:\/\/schiffsmond.net\/?post_type=product&#038;p=6485"},"modified":"2025-08-03T19:09:39","modified_gmt":"2025-08-03T19:09:39","slug":"lederflasche-ii","status":"publish","type":"product","link":"https:\/\/schiffsmond.net\/index.php\/produkt\/lederflasche-ii\/","title":{"rendered":"Lederflasche &#8211; II"},"content":{"rendered":"<p>Die hier angebotene Flasche ist aus pflanzlich gegerbtem Leder gen\u00e4ht. Um einen Hohlraum f\u00fcr die Fl\u00fcssigleit zu schaffen, wurde das Leder m\u00f6glichst weit ausgedehnt. Abschlie\u00dfend wurde die Flasche mit lebensmittelechtem BIO Bienenwachs gedichtet.<br \/>\nDer Verschlu\u00df ist aus Lindenholz geschnitzt. Die Verschl\u00fcsse sind nicht v\u00f6llig dicht. Deshalb muss die gef\u00fcllte Flasche stets h\u00e4ngend aufbewahrt werden.<\/p>\n<p>Die Flasche hat ein Fassungsverm\u00f6gen von ca. 900 ml<\/p>\n<p>Die Flache sollte niemals in die Sonne geh\u00e4ngt werden und an warmen Tagen stets mit Wasser gef\u00fclt sein. Es d\u00fcrfen keine warmen oder hochprozentigen Fl\u00fcssigkeiten eingef\u00fcllt werden.<br \/>\nSollte die Flasche undicht werden, was fr\u00fcher oder sp\u00e4ter irgendwann der Fall sein wird, kann sie einfach nachgedichtet werden. Dazu etwas Bienenwachs schmelzen (auf keinen Fall einen anderen Wachs als Bienenwachs) und damit ausschwenken.<\/p>\n<p>Eine mit Wachs gedichtete Lederflasche ist f\u00fcr die Wikingerzeit arch\u00e4ologisch nicht nachgewiesen. In der Geschichte von dem starken Grettir ist aber von einer Lederflasche die Rede, die anscheinend auch recht hart ist. Vielleicht ist damit eine solche Flasche gemeint.<\/p>\n<p>Flosi in Arnes hatte einen Knecht namens Thorfinn. Diesen Mann sandte Arnes aus um Thorgeir zu t\u00f6ten. Er versteckte sich im Schuppen.<br \/>\nDenselben Morgen schickte sich Thorgeir an, auf das Meer hinauszurudern mit zwei Mann, von denen der eine Brand hie\u00df. Thorgeir ging zuerst. Er hatte eine Lederflasche* auf dem R\u00fccken, und in ihr war ihr Getr\u00e4nk.<br \/>\nEs war sehr dunkel. Als er nun aus dem Schuppen hinab zum Strande ging, sprang Thorfinn auf ihn los und hieb ihm mit der Axt zwischen die Schulterbl\u00e4tter; die Axt ging tief, und es gab einen glucksenden Laut.<br \/>\nEr lie\u00df die Axt los, in dem Glauben, das hier ein Verband \u00fcberfl\u00fcssig w\u00e4re und machte sich so schnell wie m\u00f6glich fort. \u2026<br \/>\nVon Thorgeir ist nun zu erz\u00e4hlen, das er sich nach der Seite gewendet hatte, als der Hieb fiel, die Axt traf die Lederflasche und er selbst ward nicht verwundet.<br \/>\nFortan wurde er Thorgeir Flaschenr\u00fccken genannt.<\/p>\nngg_shortcode_0_placeholder\n","protected":false},"excerpt":{"rendered":"<p>Die hier angebotene Flasche ist aus pflanzlich gegerbtem Leder gen\u00e4ht. Um einen Hohlraum f\u00fcr die Fl\u00fcssigleit zu schaffen, wurde das Leder m\u00f6glichst weit ausgedehnt. Abschlie\u00dfend wurde die Flasche mit lebensmittelechtem <a class=\"more-link\" href=\"https:\/\/schiffsmond.net\/index.php\/produkt\/lederflasche-ii\/\">Weiterlesen \u2192<\/a><\/p>\n","protected":false},"featured_media":6490,"comment_status":"open","ping_status":"closed","template":"","meta":{"ngg_post_thumbnail":0},"product_brand":[],"product_cat":[553],"product_tag":[],"class_list":{"0":"post-6485","1":"product","2":"type-product","3":"status-publish","4":"has-post-thumbnail","6":"product_cat-lederflaschen","7":"product_shipping_class-versandkostenpauschale","9":"first","10":"instock","11":"shipping-taxable","12":"purchasable","13":"product-type-simple"},"_links":{"self":[{"href":"https:\/\/schiffsmond.net\/index.php\/wp-json\/wp\/v2\/product\/6485","targetHints":{"allow":["GET"]}}],"collection":[{"href":"https:\/\/schiffsmond.net\/index.php\/wp-json\/wp\/v2\/product"}],"about":[{"href":"https:\/\/schiffsmond.net\/index.php\/wp-json\/wp\/v2\/types\/product"}],"replies":[{"embeddable":true,"href":"https:\/\/schiffsmond.net\/index.php\/wp-json\/wp\/v2\/comments?post=6485"}],"wp:featuredmedia":[{"embeddable":true,"href":"https:\/\/schiffsmond.net\/index.php\/wp-json\/wp\/v2\/media\/6490"}],"wp:attachment":[{"href":"https:\/\/schiffsmond.net\/index.php\/wp-json\/wp\/v2\/media?parent=6485"}],"wp:term":[{"taxonomy":"product_brand","embeddable":true,"href":"https:\/\/schiffsmond.net\/index.php\/wp-json\/wp\/v2\/product_brand?post=6485"},{"taxonomy":"product_cat","embeddable":true,"href":"https:\/\/schiffsmond.net\/index.php\/wp-json\/wp\/v2\/product_cat?post=6485"},{"taxonomy":"product_tag","embeddable":true,"href":"https:\/\/schiffsmond.net\/index.php\/wp-json\/wp\/v2\/product_tag?post=6485"}],"curies":[{"name":"wp","href":"https:\/\/api.w.org\/{rel}","templated":true}]}}