{"id":6465,"date":"2025-07-20T19:47:18","date_gmt":"2025-07-20T19:47:18","guid":{"rendered":"https:\/\/schiffsmond.net\/?post_type=product&#038;p=6465"},"modified":"2025-07-20T19:47:18","modified_gmt":"2025-07-20T19:47:18","slug":"schiffssetzung-hell","status":"publish","type":"product","link":"https:\/\/schiffsmond.net\/index.php\/produkt\/schiffssetzung-hell\/","title":{"rendered":"Schiffssetzung Hell"},"content":{"rendered":"<p>Schiffssetzungen waren eine Begr\u00e4bnisform der Wikingerzeit, es war nicht die einzige Befgr\u00e4bnisform und auch nicht auf die Wikingerzeit beschr\u00e4nkt.<\/p>\n<p>In den Schiffssetzungen finden sich mitunter Urnen und Brandgr\u00e4ber, sie wurden aber auch f\u00fcr in der Fremde verschollene Verwandte oder Freunde aufgestellt.<\/p>\n<p>Der in Runen gesetze Schriftzug oben links: <span style=\"font-family: Futhark AOE;\"><span style=\"font-size: small;\">aT<\/span><\/span><span style=\"font-family: Liberation Serif, serif;\"><span style=\"font-size: small;\"> :<\/span><\/span><span style=\"font-family: Futhark AOE;\"><span style=\"font-size: small;\"> :fara <\/span><\/span><span style=\"font-family: Liberation Serif, serif;\"><span style=\"font-size: small;\">:<\/span><\/span><span style=\"font-family: Futhark AOE;\"><span style=\"font-size: small;\">::::::::: heim<\/span><\/span><span style=\"font-family: Liberation Serif, serif;\"> ist isl\u00e4ndisch: a\u00f0 fara heim und bedeutet, nach Hause fahren. <\/span><\/p>\n<p>Das Shirt ist schwarz und sie Schiffssetzung in Steinen von heller Farbe. Andere Farben sind auf Anfrage m\u00f6glich.<\/p>\n<p><a href=\"https:\/\/schiffsmond.net\/wp-content\/uploads\/2025\/07\/Motiv-Steinsetzung-Hell.png\"><img loading=\"lazy\" decoding=\"async\" class=\"alignleft size-medium wp-image-6468\" src=\"https:\/\/schiffsmond.net\/wp-content\/uploads\/2025\/07\/Motiv-Steinsetzung-Hell-300x300.png\" alt=\"\" width=\"300\" height=\"300\" srcset=\"https:\/\/schiffsmond.net\/wp-content\/uploads\/2025\/07\/Motiv-Steinsetzung-Hell-300x300.png 300w, https:\/\/schiffsmond.net\/wp-content\/uploads\/2025\/07\/Motiv-Steinsetzung-Hell-150x150.png 150w, https:\/\/schiffsmond.net\/wp-content\/uploads\/2025\/07\/Motiv-Steinsetzung-Hell-600x599.png 600w, https:\/\/schiffsmond.net\/wp-content\/uploads\/2025\/07\/Motiv-Steinsetzung-Hell-100x100.png 100w, https:\/\/schiffsmond.net\/wp-content\/uploads\/2025\/07\/Motiv-Steinsetzung-Hell.png 652w\" sizes=\"auto, (max-width: 300px) 100vw, 300px\" \/><\/a>Unter dem Motiv befindet sich in Runenschrift der Schriftzug: Einar : macht : Hemden. Dies ist eine Anlehnung an wikingerzeitlicher Funde, in denen immer wieder mal in Runen eingraviert findet: \u201eName\u201c machte diesen Kamm, \u201eName\u201c machte dieses Messer, etc.<\/p>\n<ul>\n<li>Leichtes, gerade geschnittenes Unisex T-Shirt mit eingesetzten \u00c4rmeln<\/li>\n<li>Mit 1\u00d71-Ripp am Nacken und Nackenband aus gleichem Material<\/li>\n<li>Doppelnaht-Steppnaht an den \u00c4rmelb\u00fcndchen und am Saum<\/li>\n<li>Legere Stoffdichte: 155 g\/m\u00b2<\/li>\n<li>Material: 100% Baumwolle (aus biologischem Anbau)<\/li>\n<li>Marke: Stanley\/Stella<\/li>\n<\/ul>\n<p><strong>Pflegehinweise<\/strong><\/p>\n<p>Waschtemperatur: Maximal 30\u00b0 Grad<\/p>\n<p><img decoding=\"async\" class=\"no-border\" src=\"https:\/\/image.spreadshirtmedia.net\/content\/q_auto,f_auto\/FAQ\/article\/chemischreinigen.gif\" width=\"30\" align=\"middle\">Nicht chemisch reinigen<\/p>\n<p><img decoding=\"async\" class=\"no-border\" src=\"https:\/\/image.spreadshirtmedia.net\/content\/q_auto,f_auto\/FAQ\/article\/trockner.gif\" width=\"30\" align=\"middle\">Nicht im W\u00e4schetrockner trocknen<\/p>\n<p><img decoding=\"async\" class=\"no-border\" src=\"https:\/\/image.spreadshirtmedia.net\/content\/q_auto,f_auto\/FAQ\/article\/bleichen.gif\" width=\"30\" align=\"middle\">Keine Bleichmittel oder Weichsp\u00fcler verwenden<\/p>\n<p><img decoding=\"async\" class=\"no-border\" src=\"https:\/\/image.spreadshirtmedia.net\/content\/q_auto,f_auto\/FAQ\/article\/nicht_schleudern.gif\" width=\"30\" align=\"middle\">Nicht stark schleudern oder auswringen<\/p>\n<p><img decoding=\"async\" class=\"no-border\" src=\"https:\/\/image.spreadshirtmedia.net\/content\/q_auto,f_auto\/FAQ\/article\/buegeln.gif\" width=\"30\" align=\"middle\">Von links, bei mittlerer Hitze und ohne Dampf b\u00fcgeln. Motive d\u00fcrfen sich beim B\u00fcgeln nicht ber\u00fchren (Zwischen zwei d\u00fcnnen T\u00fcchern b\u00fcgeln).<\/p>\n","protected":false},"excerpt":{"rendered":"<p>Schiffssetzungen waren eine Begr\u00e4bnisform der Wikingerzeit, es war nicht die einzige Befgr\u00e4bnisform und auch nicht auf die Wikingerzeit beschr\u00e4nkt. In den Schiffssetzungen finden sich mitunter Urnen und Brandgr\u00e4ber, sie wurden <a class=\"more-link\" href=\"https:\/\/schiffsmond.net\/index.php\/produkt\/schiffssetzung-hell\/\">Weiterlesen \u2192<\/a><\/p>\n","protected":false},"featured_media":6470,"comment_status":"open","ping_status":"closed","template":"","meta":{"ngg_post_thumbnail":0},"product_brand":[],"product_cat":[488],"product_tag":[],"class_list":{"0":"post-6465","1":"product","2":"type-product","3":"status-publish","4":"has-post-thumbnail","6":"product_cat-t-shirts","7":"product_shipping_class-versandkostenpauschale","8":"pa_groesse-l","9":"pa_groesse-m","10":"pa_groesse-s","11":"pa_groesse-xl","12":"pa_groesse-xxl","14":"first","15":"instock","16":"shipping-taxable","17":"purchasable","18":"product-type-variable"},"_links":{"self":[{"href":"https:\/\/schiffsmond.net\/index.php\/wp-json\/wp\/v2\/product\/6465","targetHints":{"allow":["GET"]}}],"collection":[{"href":"https:\/\/schiffsmond.net\/index.php\/wp-json\/wp\/v2\/product"}],"about":[{"href":"https:\/\/schiffsmond.net\/index.php\/wp-json\/wp\/v2\/types\/product"}],"replies":[{"embeddable":true,"href":"https:\/\/schiffsmond.net\/index.php\/wp-json\/wp\/v2\/comments?post=6465"}],"wp:featuredmedia":[{"embeddable":true,"href":"https:\/\/schiffsmond.net\/index.php\/wp-json\/wp\/v2\/media\/6470"}],"wp:attachment":[{"href":"https:\/\/schiffsmond.net\/index.php\/wp-json\/wp\/v2\/media?parent=6465"}],"wp:term":[{"taxonomy":"product_brand","embeddable":true,"href":"https:\/\/schiffsmond.net\/index.php\/wp-json\/wp\/v2\/product_brand?post=6465"},{"taxonomy":"product_cat","embeddable":true,"href":"https:\/\/schiffsmond.net\/index.php\/wp-json\/wp\/v2\/product_cat?post=6465"},{"taxonomy":"product_tag","embeddable":true,"href":"https:\/\/schiffsmond.net\/index.php\/wp-json\/wp\/v2\/product_tag?post=6465"}],"curies":[{"name":"wp","href":"https:\/\/api.w.org\/{rel}","templated":true}]}}