{"id":6377,"date":"2025-02-22T18:02:13","date_gmt":"2025-02-22T18:02:13","guid":{"rendered":"https:\/\/schiffsmond.net\/?post_type=product&#038;p=6377"},"modified":"2025-02-22T18:02:13","modified_gmt":"2025-02-22T18:02:13","slug":"faerberginsterkraut-geschnitten","status":"publish","type":"product","link":"https:\/\/schiffsmond.net\/index.php\/produkt\/faerberginsterkraut-geschnitten\/","title":{"rendered":"F\u00e4rberginsterkraut geschnitten"},"content":{"rendered":"<p>Aus F\u00e4rberginster &#8211; Genista tinctoria, l\u00e4sst sich ein gelber Farbton gewinnen.<\/p>\n","protected":false},"excerpt":{"rendered":"<p>Aus F\u00e4rberginster &#8211; Genista tinctoria, l\u00e4sst sich ein gelber Farbton gewinnen.<\/p>\n","protected":false},"featured_media":6387,"comment_status":"open","ping_status":"closed","template":"","meta":{"ngg_post_thumbnail":0},"product_brand":[],"product_cat":[554],"product_tag":[],"class_list":{"0":"post-6377","1":"product","2":"type-product","3":"status-publish","4":"has-post-thumbnail","6":"product_cat-faerberpflanzen","8":"first","9":"instock","10":"shipping-taxable","11":"purchasable","12":"product-type-variable"},"_links":{"self":[{"href":"https:\/\/schiffsmond.net\/index.php\/wp-json\/wp\/v2\/product\/6377","targetHints":{"allow":["GET"]}}],"collection":[{"href":"https:\/\/schiffsmond.net\/index.php\/wp-json\/wp\/v2\/product"}],"about":[{"href":"https:\/\/schiffsmond.net\/index.php\/wp-json\/wp\/v2\/types\/product"}],"replies":[{"embeddable":true,"href":"https:\/\/schiffsmond.net\/index.php\/wp-json\/wp\/v2\/comments?post=6377"}],"wp:featuredmedia":[{"embeddable":true,"href":"https:\/\/schiffsmond.net\/index.php\/wp-json\/wp\/v2\/media\/6387"}],"wp:attachment":[{"href":"https:\/\/schiffsmond.net\/index.php\/wp-json\/wp\/v2\/media?parent=6377"}],"wp:term":[{"taxonomy":"product_brand","embeddable":true,"href":"https:\/\/schiffsmond.net\/index.php\/wp-json\/wp\/v2\/product_brand?post=6377"},{"taxonomy":"product_cat","embeddable":true,"href":"https:\/\/schiffsmond.net\/index.php\/wp-json\/wp\/v2\/product_cat?post=6377"},{"taxonomy":"product_tag","embeddable":true,"href":"https:\/\/schiffsmond.net\/index.php\/wp-json\/wp\/v2\/product_tag?post=6377"}],"curies":[{"name":"wp","href":"https:\/\/api.w.org\/{rel}","templated":true}]}}