{"id":6375,"date":"2025-02-14T20:40:46","date_gmt":"2025-02-14T20:40:46","guid":{"rendered":"https:\/\/schiffsmond.net\/?post_type=product&#038;p=6375"},"modified":"2025-02-14T20:40:46","modified_gmt":"2025-02-14T20:40:46","slug":"faerberwau","status":"publish","type":"product","link":"https:\/\/schiffsmond.net\/index.php\/produkt\/faerberwau\/","title":{"rendered":"F\u00e4rberwau"},"content":{"rendered":"<p>F\u00e4rberwau geschnitten. F\u00e4rberwau &#8211; Reseda luteola, ist eine F\u00e4rberpflanze aus der sich ein sattes Gelb gewinnen l\u00e4sst.<\/p>\n","protected":false},"excerpt":{"rendered":"<p>F\u00e4rberwau geschnitten. F\u00e4rberwau &#8211; Reseda luteola, ist eine F\u00e4rberpflanze aus der sich ein sattes Gelb gewinnen l\u00e4sst.<\/p>\n","protected":false},"featured_media":6382,"comment_status":"open","ping_status":"closed","template":"","meta":{"ngg_post_thumbnail":0},"product_brand":[],"product_cat":[554],"product_tag":[],"class_list":{"0":"post-6375","1":"product","2":"type-product","3":"status-publish","4":"has-post-thumbnail","6":"product_cat-faerberpflanzen","8":"first","9":"instock","10":"shipping-taxable","11":"purchasable","12":"product-type-variable"},"_links":{"self":[{"href":"https:\/\/schiffsmond.net\/index.php\/wp-json\/wp\/v2\/product\/6375","targetHints":{"allow":["GET"]}}],"collection":[{"href":"https:\/\/schiffsmond.net\/index.php\/wp-json\/wp\/v2\/product"}],"about":[{"href":"https:\/\/schiffsmond.net\/index.php\/wp-json\/wp\/v2\/types\/product"}],"replies":[{"embeddable":true,"href":"https:\/\/schiffsmond.net\/index.php\/wp-json\/wp\/v2\/comments?post=6375"}],"wp:featuredmedia":[{"embeddable":true,"href":"https:\/\/schiffsmond.net\/index.php\/wp-json\/wp\/v2\/media\/6382"}],"wp:attachment":[{"href":"https:\/\/schiffsmond.net\/index.php\/wp-json\/wp\/v2\/media?parent=6375"}],"wp:term":[{"taxonomy":"product_brand","embeddable":true,"href":"https:\/\/schiffsmond.net\/index.php\/wp-json\/wp\/v2\/product_brand?post=6375"},{"taxonomy":"product_cat","embeddable":true,"href":"https:\/\/schiffsmond.net\/index.php\/wp-json\/wp\/v2\/product_cat?post=6375"},{"taxonomy":"product_tag","embeddable":true,"href":"https:\/\/schiffsmond.net\/index.php\/wp-json\/wp\/v2\/product_tag?post=6375"}],"curies":[{"name":"wp","href":"https:\/\/api.w.org\/{rel}","templated":true}]}}