{"id":6364,"date":"2025-02-14T19:50:06","date_gmt":"2025-02-14T19:50:06","guid":{"rendered":"https:\/\/schiffsmond.net\/?post_type=product&#038;p=6364"},"modified":"2025-02-22T17:19:57","modified_gmt":"2025-02-22T17:19:57","slug":"birkenblaetter-geschnitten","status":"publish","type":"product","link":"https:\/\/schiffsmond.net\/index.php\/produkt\/birkenblaetter-geschnitten\/","title":{"rendered":"Birkenbl\u00e4tter geschnitten"},"content":{"rendered":"<p>Geschnittene Birkenbl\u00e4tter werden zum F\u00e4rben verwendet und erzeugen einen Gelb bis Gr\u00fcnen Farbton.<\/p>\n","protected":false},"excerpt":{"rendered":"<p>Geschnittene Birkenbl\u00e4tter werden zum F\u00e4rben verwendet und erzeugen einen Gelb bis Gr\u00fcnen Farbton.<\/p>\n","protected":false},"featured_media":6368,"comment_status":"open","ping_status":"closed","template":"","meta":{"ngg_post_thumbnail":0},"product_brand":[],"product_cat":[554],"product_tag":[],"class_list":{"0":"post-6364","1":"product","2":"type-product","3":"status-publish","4":"has-post-thumbnail","6":"product_cat-faerberpflanzen","8":"first","9":"instock","10":"shipping-taxable","11":"purchasable","12":"product-type-variable"},"_links":{"self":[{"href":"https:\/\/schiffsmond.net\/index.php\/wp-json\/wp\/v2\/product\/6364","targetHints":{"allow":["GET"]}}],"collection":[{"href":"https:\/\/schiffsmond.net\/index.php\/wp-json\/wp\/v2\/product"}],"about":[{"href":"https:\/\/schiffsmond.net\/index.php\/wp-json\/wp\/v2\/types\/product"}],"replies":[{"embeddable":true,"href":"https:\/\/schiffsmond.net\/index.php\/wp-json\/wp\/v2\/comments?post=6364"}],"wp:featuredmedia":[{"embeddable":true,"href":"https:\/\/schiffsmond.net\/index.php\/wp-json\/wp\/v2\/media\/6368"}],"wp:attachment":[{"href":"https:\/\/schiffsmond.net\/index.php\/wp-json\/wp\/v2\/media?parent=6364"}],"wp:term":[{"taxonomy":"product_brand","embeddable":true,"href":"https:\/\/schiffsmond.net\/index.php\/wp-json\/wp\/v2\/product_brand?post=6364"},{"taxonomy":"product_cat","embeddable":true,"href":"https:\/\/schiffsmond.net\/index.php\/wp-json\/wp\/v2\/product_cat?post=6364"},{"taxonomy":"product_tag","embeddable":true,"href":"https:\/\/schiffsmond.net\/index.php\/wp-json\/wp\/v2\/product_tag?post=6364"}],"curies":[{"name":"wp","href":"https:\/\/api.w.org\/{rel}","templated":true}]}}