{"id":6093,"date":"2024-09-14T20:29:52","date_gmt":"2024-09-14T20:29:52","guid":{"rendered":"https:\/\/schiffsmond.net\/?post_type=product&#038;p=6093"},"modified":"2024-10-03T20:23:28","modified_gmt":"2024-10-03T20:23:28","slug":"odin-mit-raben-schwarz","status":"publish","type":"product","link":"https:\/\/schiffsmond.net\/index.php\/produkt\/odin-mit-raben-schwarz\/","title":{"rendered":"Odin mit Raben &#8211; Schwarz"},"content":{"rendered":"<p>Bei diesem Motiv handelt es sich eigentlich nicht um ein wikingerzeitliches Motiv, sonder um vorwikingerzeitliches aus dem Vendelzeit. Das Motiv findet sich auf einer Helmplatte. Begleitet wird Odin auf dem Motiv von den beiden Raben Hugin und Munin und tr\u00e4gt seinen Speer Gungnir.<\/p>\n<p>Unter dem Motiv befindet sich in Runenschrift der Schriftzug: Einar : macht : Hemden. Dies ist eine Anlehnung an wikingerzeitlicher Funde, in denen immer wieder mal in Runen eingraviert findet: \u201eName\u201c machte diesen Kamm, \u201eName\u201c machte dieses Messer, etc.<\/p>\n<div class=\"g7TcLz5xsspCMeNBUqUS\">\n<div class=\"DzpCjaf_Ta2B5dgF1Vm7\">\n<ul class=\"listMCE\">\n<li>Leichtes, gerade geschnittenes Unisex T-Shirt mit eingesetzten \u00c4rmeln<\/li>\n<li>Mit 1&#215;1-Ripp am Nacken und Nackenband aus gleichem Material<\/li>\n<li>Doppelnaht-Steppnaht an den \u00c4rmelb\u00fcndchen und am Saum<\/li>\n<li>Legere Stoffdichte: 155 g\/m\u00b2<\/li>\n<li>Material: 100% Baumwolle (aus biologischem Anbau)<\/li>\n<li>Marke: Stanley\/Stella<\/li>\n<\/ul>\n<p><strong>Pflegehinweise<\/strong><\/p>\n<p>Waschtemperatur: Maximal 30\u00b0 Grad<\/p>\n<p><img decoding=\"async\" class=\"no-border\" src=\"https:\/\/image.spreadshirtmedia.net\/content\/q_auto,f_auto\/FAQ\/article\/chemischreinigen.gif\" width=\"30\" align=\"middle\">Nicht chemisch reinigen<\/p>\n<p><img decoding=\"async\" class=\"no-border\" src=\"https:\/\/image.spreadshirtmedia.net\/content\/q_auto,f_auto\/FAQ\/article\/trockner.gif\" width=\"30\" align=\"middle\">Nicht im W\u00e4schetrockner trocknen<\/p>\n<p><img decoding=\"async\" class=\"no-border\" src=\"https:\/\/image.spreadshirtmedia.net\/content\/q_auto,f_auto\/FAQ\/article\/bleichen.gif\" width=\"30\" align=\"middle\">Keine Bleichmittel oder Weichsp\u00fcler verwenden<\/p>\n<p><img decoding=\"async\" class=\"no-border\" src=\"https:\/\/image.spreadshirtmedia.net\/content\/q_auto,f_auto\/FAQ\/article\/nicht_schleudern.gif\" width=\"30\" align=\"middle\">Nicht stark schleudern oder auswringen<\/p>\n<p><img decoding=\"async\" class=\"no-border\" src=\"https:\/\/image.spreadshirtmedia.net\/content\/q_auto,f_auto\/FAQ\/article\/buegeln.gif\" width=\"30\" align=\"middle\">Von links, bei mittlerer Hitze und ohne Dampf b\u00fcgeln. Motive d\u00fcrfen sich beim B\u00fcgeln nicht ber\u00fchren (Zwischen zwei d\u00fcnnen T\u00fcchern b\u00fcgeln).<\/p>\n<\/div>\n<\/div>\n","protected":false},"excerpt":{"rendered":"<p>T-Shirt mit einem Motiv das Odin darstellt der auf Sleipnis reitet und seinen Speer tr\u00e4gt seinen Speer Gungnir tr\u00e4gt. Dabei wird er von den beiden Raben Hugin und Munin begleitet. <a class=\"more-link\" href=\"https:\/\/schiffsmond.net\/index.php\/produkt\/odin-mit-raben-schwarz\/\">Weiterlesen \u2192<\/a><\/p>\n","protected":false},"featured_media":6142,"comment_status":"open","ping_status":"closed","template":"","meta":{"ngg_post_thumbnail":0},"product_brand":[],"product_cat":[488],"product_tag":[538,529,528,537],"class_list":{"0":"post-6093","1":"product","2":"type-product","3":"status-publish","4":"has-post-thumbnail","6":"product_cat-t-shirts","7":"product_tag-odin-mit-raben-und-gungnir","8":"product_tag-t-shirt-mit-motiven-von-gotlaendischen-bildsteinen","9":"product_tag-t-shirt-mit-wikinger-motiven","10":"product_tag-vendel-odin","11":"product_shipping_class-maxbrief","12":"pa_groesse-l","13":"pa_groesse-m","14":"pa_groesse-s","15":"pa_groesse-xl","16":"pa_groesse-xxl","18":"first","19":"instock","20":"shipping-taxable","21":"purchasable","22":"product-type-variable"},"_links":{"self":[{"href":"https:\/\/schiffsmond.net\/index.php\/wp-json\/wp\/v2\/product\/6093","targetHints":{"allow":["GET"]}}],"collection":[{"href":"https:\/\/schiffsmond.net\/index.php\/wp-json\/wp\/v2\/product"}],"about":[{"href":"https:\/\/schiffsmond.net\/index.php\/wp-json\/wp\/v2\/types\/product"}],"replies":[{"embeddable":true,"href":"https:\/\/schiffsmond.net\/index.php\/wp-json\/wp\/v2\/comments?post=6093"}],"wp:featuredmedia":[{"embeddable":true,"href":"https:\/\/schiffsmond.net\/index.php\/wp-json\/wp\/v2\/media\/6142"}],"wp:attachment":[{"href":"https:\/\/schiffsmond.net\/index.php\/wp-json\/wp\/v2\/media?parent=6093"}],"wp:term":[{"taxonomy":"product_brand","embeddable":true,"href":"https:\/\/schiffsmond.net\/index.php\/wp-json\/wp\/v2\/product_brand?post=6093"},{"taxonomy":"product_cat","embeddable":true,"href":"https:\/\/schiffsmond.net\/index.php\/wp-json\/wp\/v2\/product_cat?post=6093"},{"taxonomy":"product_tag","embeddable":true,"href":"https:\/\/schiffsmond.net\/index.php\/wp-json\/wp\/v2\/product_tag?post=6093"}],"curies":[{"name":"wp","href":"https:\/\/api.w.org\/{rel}","templated":true}]}}