{"id":6044,"date":"2024-09-14T07:41:55","date_gmt":"2024-09-14T07:41:55","guid":{"rendered":"https:\/\/schiffsmond.net\/?post_type=product&#038;p=6044"},"modified":"2024-09-29T15:20:21","modified_gmt":"2024-09-29T15:20:21","slug":"odin-mit-walkuere-weiss","status":"publish","type":"product","link":"https:\/\/schiffsmond.net\/index.php\/produkt\/odin-mit-walkuere-weiss\/","title":{"rendered":"Odin mit Walk\u00fcre &#8211; Wei\u00df"},"content":{"rendered":"<p>Das Motiv stammt von einem der gotl\u00e4ndischen Bildsteine und zeigt Odin, oder einen Krieger der auf Sleipnir in Walhalla Einzug h\u00e4lt und von einer Walk\u00fcre mit einem Trinkhorn begr\u00fc\u00dft wird. Das Motiv taucht auf den Bildsteinen Stora Hammars, Ardre und Tj\u00e4ngvide auf. Datiert sind die Steine auf das 8. Jahrhundert.<\/p>\n<p>Unter dem Motiv befindet sich in Runenschrift der Schriftzug: Einar : macht : Hemden. Dies ist eine Anlehnung an wikingerzeitliche Funde, in denen immer wieder mal in Runen eingraviert findet: \u201eName\u201c machte diesen Kamm, \u201eName\u201c machte dieses Messer, etc.<\/p>\n<div class=\"g7TcLz5xsspCMeNBUqUS\">\n<div class=\"DzpCjaf_Ta2B5dgF1Vm7\">\n<ul class=\"listMCE\">\n<li>Leichtes, gerade geschnittenes Unisex T-Shirt mit eingesetzten \u00c4rmeln<\/li>\n<li>Mit 1&#215;1-Ripp am Nacken und Nackenband aus gleichem Material<\/li>\n<li>Doppelnaht-Steppnaht an den \u00c4rmelb\u00fcndchen und am Saum<\/li>\n<li>Legere Stoffdichte: 155 g\/m\u00b2<\/li>\n<li>Material: 100% Baumwolle (aus biologischem Anbau)<\/li>\n<li>Marke: Stanley\/Stella<\/li>\n<\/ul>\n<p><strong>Pflegehinweise<\/strong><\/p>\n<p>Waschtemperatur: Maximal 30\u00b0 Grad<\/p>\n<p><img decoding=\"async\" class=\"no-border\" src=\"https:\/\/image.spreadshirtmedia.net\/content\/q_auto,f_auto\/FAQ\/article\/chemischreinigen.gif\" width=\"30\" align=\"middle\">Nicht chemisch reinigen<\/p>\n<p><img decoding=\"async\" class=\"no-border\" src=\"https:\/\/image.spreadshirtmedia.net\/content\/q_auto,f_auto\/FAQ\/article\/trockner.gif\" width=\"30\" align=\"middle\">Nicht im W\u00e4schetrockner trocknen<\/p>\n<p><img decoding=\"async\" class=\"no-border\" src=\"https:\/\/image.spreadshirtmedia.net\/content\/q_auto,f_auto\/FAQ\/article\/bleichen.gif\" width=\"30\" align=\"middle\">Keine Bleichmittel oder Weichsp\u00fcler verwenden<\/p>\n<p><img decoding=\"async\" class=\"no-border\" src=\"https:\/\/image.spreadshirtmedia.net\/content\/q_auto,f_auto\/FAQ\/article\/nicht_schleudern.gif\" width=\"30\" align=\"middle\">Nicht stark schleudern oder auswringen<\/p>\n<p><img decoding=\"async\" class=\"no-border\" src=\"https:\/\/image.spreadshirtmedia.net\/content\/q_auto,f_auto\/FAQ\/article\/buegeln.gif\" width=\"30\" align=\"middle\">Von links, bei mittlerer Hitze und ohne Dampf b\u00fcgeln. Motive d\u00fcrfen sich beim B\u00fcgeln nicht ber\u00fchren (Zwischen zwei d\u00fcnnen T\u00fcchern b\u00fcgeln).<\/p>\n<\/div>\n<\/div>\n","protected":false},"excerpt":{"rendered":"<p>T-Shirt mit einem Motiv eines gotl\u00e4ndischen Bildsteines. <a class=\"more-link\" href=\"https:\/\/schiffsmond.net\/index.php\/produkt\/odin-mit-walkuere-weiss\/\">Weiterlesen \u2192<\/a><\/p>\n","protected":false},"featured_media":6028,"comment_status":"open","ping_status":"closed","template":"","meta":{"ngg_post_thumbnail":0},"product_brand":[],"product_cat":[488],"product_tag":[529,528],"class_list":{"0":"post-6044","1":"product","2":"type-product","3":"status-publish","4":"has-post-thumbnail","6":"product_cat-t-shirts","7":"product_tag-t-shirt-mit-motiven-von-gotlaendischen-bildsteinen","8":"product_tag-t-shirt-mit-wikinger-motiven","9":"product_shipping_class-maxbrief","10":"pa_groesse-l","11":"pa_groesse-m","12":"pa_groesse-s","13":"pa_groesse-xl","14":"pa_groesse-xxl","16":"first","17":"instock","18":"shipping-taxable","19":"purchasable","20":"product-type-variable"},"_links":{"self":[{"href":"https:\/\/schiffsmond.net\/index.php\/wp-json\/wp\/v2\/product\/6044","targetHints":{"allow":["GET"]}}],"collection":[{"href":"https:\/\/schiffsmond.net\/index.php\/wp-json\/wp\/v2\/product"}],"about":[{"href":"https:\/\/schiffsmond.net\/index.php\/wp-json\/wp\/v2\/types\/product"}],"replies":[{"embeddable":true,"href":"https:\/\/schiffsmond.net\/index.php\/wp-json\/wp\/v2\/comments?post=6044"}],"wp:featuredmedia":[{"embeddable":true,"href":"https:\/\/schiffsmond.net\/index.php\/wp-json\/wp\/v2\/media\/6028"}],"wp:attachment":[{"href":"https:\/\/schiffsmond.net\/index.php\/wp-json\/wp\/v2\/media?parent=6044"}],"wp:term":[{"taxonomy":"product_brand","embeddable":true,"href":"https:\/\/schiffsmond.net\/index.php\/wp-json\/wp\/v2\/product_brand?post=6044"},{"taxonomy":"product_cat","embeddable":true,"href":"https:\/\/schiffsmond.net\/index.php\/wp-json\/wp\/v2\/product_cat?post=6044"},{"taxonomy":"product_tag","embeddable":true,"href":"https:\/\/schiffsmond.net\/index.php\/wp-json\/wp\/v2\/product_tag?post=6044"}],"curies":[{"name":"wp","href":"https:\/\/api.w.org\/{rel}","templated":true}]}}