{"id":4808,"date":"2018-04-18T08:48:36","date_gmt":"2018-04-18T08:48:36","guid":{"rendered":"http:\/\/schiffsmond.net\/?page_id=4808"},"modified":"2025-02-22T19:10:50","modified_gmt":"2025-02-22T19:10:50","slug":"datenschutzerklaerung","status":"publish","type":"page","link":"https:\/\/schiffsmond.net\/index.php\/datenschutzerklaerung\/","title":{"rendered":"Datenschutzerkl\u00e4rung"},"content":{"rendered":"<h2><strong>Privatsph\u00e4re und Datenschutz<\/strong><\/h2>\n<p>Ihre Daten werden ausschliesslich zur Abwicklung Ihrer Bestellung verwendet. Vertrauliche Daten werden nicht elektronisch gespeichert. Alle Kundendaten werden unter Beachtung der einschl\u00e4gigen Vorschriften des Bundesdatenschutzgesetzes (BDSG) und des Teledienstdatenschutzgesetzes (TDDSG) von uns gespeichert und verarbeitet. Sie haben jederzeit ein Recht auf kostenlose Auskunft, Berichtigung, Sperrung und ggf. L\u00f6schung Ihrer gespeicherten Daten. Bitte wenden Sie sich bei Fragen oder W\u00fcnschen an info@schiffsmond.net, oder senden Sie uns Ihr Verlangen per Post zu.<\/p>\n<h5>Zweckgebundene Datenverwendung<\/h5>\n<p>Wir verwenden Ihre Daten ausschlie\u00dflich zur Abwicklung der von Ihnen get\u00e4tigten Bestellungen. Ihre Daten werden nur von uns oder unseren Dienstleistungspartnern wie der Post oder UPS zum Versand, sowie Kreditinstituten wie Bank oder Paypal zur Abwicklung Ihrer Bestellungen benutzt. In diesen F\u00e4llen beschr\u00e4nkt sich der Umfang der \u00fcbermittelten Daten jedoch nur auf das erforderliche Minimum.<\/p>\n<h5>Abgesehen von der Abwicklung der Bestellung k\u00f6nne Ihre Daten nur aus den folgenden Gr\u00fcnden weitergegeben werden:<\/h5>\n<p>f\u00fcr den Fall, dass f\u00fcr die Weitergabe nach Art. 6 Abs. 1 S. 1 lit. c DSGVO eine gesetzliche Verpflichtung besteht, bspw. an Finanz- oder Strafverfolgungsbeh\u00f6rden;<br \/>\ndie Weitergabe ist nach Art. 6 Abs. 1 S. 1 lit. f DSGVO zur Geltendmachung, Aus\u00fcbung oder Verteidigung von Rechtsanspr\u00fcchen erforderlich und es besteht kein Grund zur Annahme, dass Sie ein \u00fcberwiegendes schutzw\u00fcrdiges Interesse an der Nichtweitergabe Ihrer Daten haben; eine solche Weitergabe kann bspw. im Falle von Angriffen auf unsere IT-Systeme an staatliche Einrichtungen und Strafverfolgungsbeh\u00f6rden erfolgen.<\/p>\n<h5>Die weitergegebenen Daten d\u00fcrfen von dem Dritten ausschlie\u00dflich zu den genannten Zwecken verwendet werden.<\/h5>\n<p>Ihre pers\u00f6nlichen Daten werden verschl\u00fcsselt mittels SSL \u00fcber das Internet \u00fcbertragen. Um Ihre durch uns verwalteten Daten gegen zuf\u00e4llige oder vors\u00e4tzliche Manipulationen, Verlust, Zerst\u00f6rung oder gegen den Zugriff unberechtigter Personen zu sch\u00fctzen, setzen wir sowohl auf technische als auch organisatorische Sicherheitsmassnahmen.<\/p>\n<p>Zus\u00e4tzlich steht der Server auf dem unsere Webseite l\u00e4uft in Deutschland und unterliegt somit den Bestimmungen des deutschen Datenschutzgesetzes.<\/p>\n<h5>Cookies<\/h5>\n<p>In diesem Shop werden Informationen \u00fcber den Inhalt Ihres Warenkorbs in Session-Cookies gespeichert. Diese Cookies verfallen, nachdem Sie den Shop verlassen.&nbsp;<\/p>\n<p>Wenn du einen Kommentar auf unserer Website schreibst, kann das eine Einwilligung sein, deinen Namen, E-Mail-Adresse und Website in Cookies zu speichern. Dies ist eine Komfortfunktion, damit du nicht, wenn du einen weiteren Kommentar schreibst, all diese Daten erneut eingeben musst. Diese Cookies werden ein Jahr lang gespeichert.<\/p>\n<p>Falls du ein Konto hast und dich auf dieser Website oder im Forum anmeldest, werden wir ein tempor\u00e4res Cookie setzen, um festzustellen, ob dein Browser Cookies akzeptiert. Dieses Cookie enth\u00e4lt keine personenbezogenen Daten und wird verworfen, wenn du deinen Browser schlie\u00dft.<\/p>\n<p>Wenn du dich anmeldest, werden wir einige Cookies einrichten, um deine Anmeldeinformationen und Anzeigeoptionen zu speichern. Anmelde-Cookies verfallen nach zwei Tagen und Cookies f\u00fcr die Anzeigeoptionen nach einem Jahr. Falls du bei der Anmeldung \u201eAngemeldet bleiben\u201c ausw\u00e4hlst, wird deine Anmeldung zwei Wochen lang aufrechterhalten. Mit der Abmeldung aus deinem Konto werden die Anmelde-Cookies gel\u00f6scht.<\/p>\n<p>Wenn du einen Artikel bearbeitest oder ver\u00f6ffentlichst, wird ein zus\u00e4tzlicher Cookie in deinem Browser gespeichert. Dieser Cookie enth\u00e4lt keine personenbezogenen Daten und verweist nur auf die Beitrags-ID des Artikels, den du gerade bearbeitet hast. Der Cookie verf\u00e4llt nach einem Tag.<\/p>\n<h5>Logfiles<\/h5>\n<p>Beim Betrieb eines Server werden die Verbindungsdaten in Logfiles gespeichert. Dies dient zu Fehleranalyse und ist unabdingbar.<\/p>\n<h5>Folgende Daten werden in den Logfiles gesammelt.<\/h5>\n<p>IP-Adresse des sich mit der Webseite verbindenden Rechners,&nbsp;Datum und Uhrzeit des Verbindungsaufbaus,&nbsp;Name und url der abgerufenen Daten, die Menge der \u00fcbertragenden Daten,&nbsp;Best\u00e4tigung, bzw. Scheitern des Verbindungsaufbaus,&nbsp;Verwendete Browser- und Betriebssystem und der Name des Providers sowie der Webseite von der aus der Zugriff erfolgt.<\/p>\n<p>Diese Daten werden ben\u00f6tigt um die Verbindung zu unserer Webseite aufzubauen, der&nbsp;Administration des Servers, der Gew\u00e4hrleistung und Optimierung der Nutzerfreundlichkeit und zur&nbsp;Optimierung des Internetangebotes.<br \/>\nDie vorstehend genannten Daten werden nach 30 Tage vom Webserver automatisch gel\u00f6scht.<\/p>\n<h5>Links zu anderen Webseiten<\/h5>\n<p>Unsere Webseite kann Links zu Webseiten anderer Webseitenbetreiben enthalten. Wir weisen darauf hin, dass unsere Datenschutzerkl\u00e4rung ausschlie\u00dflich f\u00fcr Schiffsmond.net und Unterseeiten gilt. Wir haben keinen Einfluss darauf und kontrollieren nicht, ob andere Anbieter die geltenden Datenschutzbestimmungen einhalten.<br \/>\nAuskunftsrecht und Kontaktdaten<br \/>\nSie haben das Recht darauf Auskunft bez\u00fcglich der \u00fcber Sie gespeicherten personenbezogenen Daten zu erhalten. Ein Recht auf Berichtigung unrichtiger Daten, sowie deren Sperrung und L\u00f6schung.<br \/>\nM\u00f6chten Sie Auskunft \u00fcber Wenn Sie Auskunft \u00fcber Ihre personenbezogenen Daten , bzw. Korrektur oder L\u00f6schung selbiger, kontaktieren Sie bitte: info@schiffsmond.net<\/p>\n<h5>G\u00fcltigkeit und Aktualit\u00e4t der Datenschutzerkl\u00e4rung<\/h5>\n<p>Mit der Nutzung unserer Webangebots erkl\u00e4ren Sie sich mit der oben beschriebene Datenverwendung einverstanden. Diese Datenschutzerkl\u00e4rung ist aktuell g\u00fcltig und datiert vom 14.09.20124<\/p>\n","protected":false},"excerpt":{"rendered":"<p>Privatsph\u00e4re und Datenschutz Ihre Daten werden ausschliesslich zur Abwicklung Ihrer Bestellung verwendet. Vertrauliche Daten werden nicht elektronisch gespeichert. Alle Kundendaten werden unter Beachtung der einschl\u00e4gigen Vorschriften des Bundesdatenschutzgesetzes (BDSG) und <a class=\"more-link\" href=\"https:\/\/schiffsmond.net\/index.php\/datenschutzerklaerung\/\">Weiterlesen \u2192<\/a><\/p>\n","protected":false},"author":2,"featured_media":0,"parent":0,"menu_order":0,"comment_status":"closed","ping_status":"closed","template":"","meta":{"ngg_post_thumbnail":0,"footnotes":""},"class_list":["post-4808","page","type-page","status-publish","hentry"],"_links":{"self":[{"href":"https:\/\/schiffsmond.net\/index.php\/wp-json\/wp\/v2\/pages\/4808","targetHints":{"allow":["GET"]}}],"collection":[{"href":"https:\/\/schiffsmond.net\/index.php\/wp-json\/wp\/v2\/pages"}],"about":[{"href":"https:\/\/schiffsmond.net\/index.php\/wp-json\/wp\/v2\/types\/page"}],"author":[{"embeddable":true,"href":"https:\/\/schiffsmond.net\/index.php\/wp-json\/wp\/v2\/users\/2"}],"replies":[{"embeddable":true,"href":"https:\/\/schiffsmond.net\/index.php\/wp-json\/wp\/v2\/comments?post=4808"}],"version-history":[{"count":10,"href":"https:\/\/schiffsmond.net\/index.php\/wp-json\/wp\/v2\/pages\/4808\/revisions"}],"predecessor-version":[{"id":6075,"href":"https:\/\/schiffsmond.net\/index.php\/wp-json\/wp\/v2\/pages\/4808\/revisions\/6075"}],"wp:attachment":[{"href":"https:\/\/schiffsmond.net\/index.php\/wp-json\/wp\/v2\/media?parent=4808"}],"curies":[{"name":"wp","href":"https:\/\/api.w.org\/{rel}","templated":true}]}}